{"id":2162,"date":"2022-12-06T15:32:10","date_gmt":"2022-12-06T15:32:10","guid":{"rendered":"https:\/\/californiasped.com\/vesti\/"},"modified":"2023-01-15T21:48:00","modified_gmt":"2023-01-15T21:48:00","slug":"notizia","status":"publish","type":"page","link":"https:\/\/californiasped.com\/it\/notizia\/","title":{"rendered":"NOTIZIA"},"content":{"rendered":"\t\t<div data-elementor-type=\"wp-page\" data-elementor-id=\"2162\" class=\"elementor elementor-2162\" data-elementor-post-type=\"page\">\n\t\t\t\t\t\t<section class=\"elementor-section elementor-top-section elementor-element elementor-element-595600ba elementor-section-full_width elementor-section-height-min-height elementor-section-height-default elementor-section-items-middle\" data-id=\"595600ba\" data-element_type=\"section\" data-e-type=\"section\" data-settings=\"{&quot;background_background&quot;:&quot;classic&quot;,&quot;background_motion_fx_motion_fx_scrolling&quot;:&quot;yes&quot;,&quot;background_motion_fx_translateY_effect&quot;:&quot;yes&quot;,&quot;background_motion_fx_range&quot;:&quot;viewport&quot;,&quot;background_motion_fx_translateY_speed&quot;:{&quot;unit&quot;:&quot;px&quot;,&quot;size&quot;:4,&quot;sizes&quot;:[]},&quot;background_motion_fx_translateY_affectedRange&quot;:{&quot;unit&quot;:&quot;%&quot;,&quot;size&quot;:&quot;&quot;,&quot;sizes&quot;:{&quot;start&quot;:0,&quot;end&quot;:100}},&quot;background_motion_fx_devices&quot;:[&quot;desktop&quot;,&quot;tablet&quot;,&quot;mobile&quot;]}\">\n\t\t\t\t\t\t\t<div class=\"elementor-background-overlay\"><\/div>\n\t\t\t\t\t\t\t<div class=\"elementor-container elementor-column-gap-default\">\n\t\t\t\t\t<div class=\"elementor-column elementor-col-100 elementor-top-column elementor-element elementor-element-56dca704\" data-id=\"56dca704\" data-element_type=\"column\" data-e-type=\"column\">\n\t\t\t<div class=\"elementor-widget-wrap elementor-element-populated\">\n\t\t\t\t\t\t<section class=\"elementor-section elementor-inner-section elementor-element elementor-element-2f2a4c32 elementor-section-content-top elementor-section-boxed elementor-section-height-default elementor-section-height-default elementor-invisible\" data-id=\"2f2a4c32\" data-element_type=\"section\" data-e-type=\"section\" data-settings=\"{&quot;background_background&quot;:&quot;classic&quot;,&quot;motion_fx_motion_fx_scrolling&quot;:&quot;yes&quot;,&quot;motion_fx_translateY_effect&quot;:&quot;yes&quot;,&quot;motion_fx_translateY_speed&quot;:{&quot;unit&quot;:&quot;px&quot;,&quot;size&quot;:2.2,&quot;sizes&quot;:[]},&quot;motion_fx_translateY_affectedRange&quot;:{&quot;unit&quot;:&quot;%&quot;,&quot;size&quot;:&quot;&quot;,&quot;sizes&quot;:{&quot;start&quot;:36,&quot;end&quot;:65}},&quot;motion_fx_range&quot;:&quot;viewport&quot;,&quot;sticky&quot;:&quot;bottom&quot;,&quot;sticky_offset&quot;:18,&quot;sticky_effects_offset&quot;:9,&quot;animation&quot;:&quot;fadeInLeft&quot;,&quot;motion_fx_devices&quot;:[&quot;desktop&quot;,&quot;tablet&quot;,&quot;mobile&quot;],&quot;sticky_on&quot;:[&quot;desktop&quot;,&quot;tablet&quot;,&quot;mobile&quot;],&quot;sticky_anchor_link_offset&quot;:0}\">\n\t\t\t\t\t\t<div class=\"elementor-container elementor-column-gap-default\">\n\t\t\t\t\t<div class=\"elementor-column elementor-col-100 elementor-inner-column elementor-element elementor-element-58bf4cae\" data-id=\"58bf4cae\" data-element_type=\"column\" data-e-type=\"column\">\n\t\t\t<div class=\"elementor-widget-wrap elementor-element-populated\">\n\t\t\t\t\t\t<div class=\"elementor-element elementor-element-4d6fa7d1 elementor-widget elementor-widget-heading\" data-id=\"4d6fa7d1\" data-element_type=\"widget\" data-e-type=\"widget\" data-widget_type=\"heading.default\">\n\t\t\t\t<div class=\"elementor-widget-container\">\n\t\t\t\t\t<div class=\"elementor-heading-title elementor-size-xl\">NOTIZIA<\/div>\t\t\t\t<\/div>\n\t\t\t\t<\/div>\n\t\t\t\t\t<\/div>\n\t\t<\/div>\n\t\t\t\t\t<\/div>\n\t\t<\/section>\n\t\t\t\t\t<\/div>\n\t\t<\/div>\n\t\t\t\t\t<\/div>\n\t\t<\/section>\n\t\t\t\t<section class=\"elementor-section elementor-top-section elementor-element elementor-element-41d7a28 elementor-section-boxed elementor-section-height-default elementor-section-height-default\" data-id=\"41d7a28\" data-element_type=\"section\" data-e-type=\"section\">\n\t\t\t\t\t\t<div class=\"elementor-container elementor-column-gap-default\">\n\t\t\t\t\t<div class=\"elementor-column elementor-col-100 elementor-top-column elementor-element elementor-element-7fe685b\" data-id=\"7fe685b\" data-element_type=\"column\" data-e-type=\"column\">\n\t\t\t<div class=\"elementor-widget-wrap elementor-element-populated\">\n\t\t\t\t\t\t<div class=\"elementor-element elementor-element-97187be elementor-widget elementor-widget-spacer\" data-id=\"97187be\" data-element_type=\"widget\" data-e-type=\"widget\" data-widget_type=\"spacer.default\">\n\t\t\t\t<div class=\"elementor-widget-container\">\n\t\t\t\t\t\t\t<div class=\"elementor-spacer\">\n\t\t\t<div class=\"elementor-spacer-inner\"><\/div>\n\t\t<\/div>\n\t\t\t\t\t\t<\/div>\n\t\t\t\t<\/div>\n\t\t\t\t\t<\/div>\n\t\t<\/div>\n\t\t\t\t\t<\/div>\n\t\t<\/section>\n\t\t\t\t<section class=\"elementor-section elementor-top-section elementor-element elementor-element-6c09bf0 elementor-section-boxed elementor-section-height-default elementor-section-height-default\" data-id=\"6c09bf0\" data-element_type=\"section\" data-e-type=\"section\">\n\t\t\t\t\t\t<div class=\"elementor-container elementor-column-gap-default\">\n\t\t\t\t\t<div class=\"elementor-column elementor-col-100 elementor-top-column elementor-element elementor-element-3688baf\" data-id=\"3688baf\" data-element_type=\"column\" data-e-type=\"column\">\n\t\t\t<div class=\"elementor-widget-wrap elementor-element-populated\">\n\t\t\t\t\t\t<div class=\"elementor-element elementor-element-afd18de elementor-posts__hover-none elementor-grid-3 elementor-grid-tablet-2 elementor-grid-mobile-1 elementor-posts--thumbnail-top elementor-card-shadow-yes elementor-widget elementor-widget-posts\" data-id=\"afd18de\" data-element_type=\"widget\" data-e-type=\"widget\" data-settings=\"{&quot;pagination_type&quot;:&quot;numbers&quot;,&quot;cards_columns&quot;:&quot;3&quot;,&quot;cards_columns_tablet&quot;:&quot;2&quot;,&quot;cards_columns_mobile&quot;:&quot;1&quot;,&quot;cards_row_gap&quot;:{&quot;unit&quot;:&quot;px&quot;,&quot;size&quot;:35,&quot;sizes&quot;:[]},&quot;cards_row_gap_tablet&quot;:{&quot;unit&quot;:&quot;px&quot;,&quot;size&quot;:&quot;&quot;,&quot;sizes&quot;:[]},&quot;cards_row_gap_mobile&quot;:{&quot;unit&quot;:&quot;px&quot;,&quot;size&quot;:&quot;&quot;,&quot;sizes&quot;:[]}}\" data-widget_type=\"posts.cards\">\n\t\t\t\t<div class=\"elementor-widget-container\">\n\t\t\t\t\t\t\t<div class=\"elementor-posts-container elementor-posts elementor-posts--skin-cards elementor-grid\">\n\t\t\t\t<article class=\"elementor-post elementor-grid-item post-2171 post type-post status-publish format-standard has-post-thumbnail hentry category-novosti-it\">\n\t\t\t<div class=\"elementor-post__card\">\n\t\t\t\t<a class=\"elementor-post__thumbnail__link\" href=\"https:\/\/californiasped.com\/it\/al-passo-con-la-nuova-rivoluzione-digitale\/\" tabindex=\"-1\" ><div class=\"elementor-post__thumbnail\"><img fetchpriority=\"high\" decoding=\"async\" width=\"300\" height=\"200\" src=\"https:\/\/californiasped.com\/wp-content\/uploads\/2022\/12\/Bojan-Cocic-300x200.jpg\" class=\"attachment-medium size-medium wp-image-1259\" alt=\"\" srcset=\"https:\/\/californiasped.com\/wp-content\/uploads\/2022\/12\/Bojan-Cocic-300x200.jpg 300w, https:\/\/californiasped.com\/wp-content\/uploads\/2022\/12\/Bojan-Cocic-1024x683.jpg 1024w, https:\/\/californiasped.com\/wp-content\/uploads\/2022\/12\/Bojan-Cocic-768x512.jpg 768w, https:\/\/californiasped.com\/wp-content\/uploads\/2022\/12\/Bojan-Cocic-1536x1024.jpg 1536w, https:\/\/californiasped.com\/wp-content\/uploads\/2022\/12\/Bojan-Cocic-2048x1365.jpg 2048w\" sizes=\"(max-width: 300px) 100vw, 300px\" \/><\/div><\/a>\n\t\t\t\t<div class=\"elementor-post__text\">\n\t\t\t\t<h3 class=\"elementor-post__title\">\n\t\t\t<a href=\"https:\/\/californiasped.com\/it\/al-passo-con-la-nuova-rivoluzione-digitale\/\" >\n\t\t\t\tAl passo con la nuova rivoluzione digitale\t\t\t<\/a>\n\t\t<\/h3>\n\t\t\t\t<div class=\"elementor-post__excerpt\">\n\t\t\t<p>California speed segue le tendenze dell&#8217;ultima rivoluzione digitale e si impegna a implementare innovazioni tecnologiche nei suoi processi e migliorare cos\u00ec il suo business in<\/p>\n\t\t<\/div>\n\t\t\n\t\t<a class=\"elementor-post__read-more\" href=\"https:\/\/californiasped.com\/it\/al-passo-con-la-nuova-rivoluzione-digitale\/\" aria-label=\"Read more about Al passo con la nuova rivoluzione digitale\" tabindex=\"-1\" >\n\t\t\tLeggi di pi\u00f9 \u00bb\t\t<\/a>\n\n\t\t\t\t<\/div>\n\t\t\t\t<div class=\"elementor-post__meta-data\">\n\t\t\t\t\t<span class=\"elementor-post-date\">\n\t\t\tDicembre 9, 2022\t\t<\/span>\n\t\t\t\t<span class=\"elementor-post-avatar\">\n\t\t\tNessun commento\t\t<\/span>\n\t\t\t\t<\/div>\n\t\t\t\t\t<\/div>\n\t\t<\/article>\n\t\t\t\t<article class=\"elementor-post elementor-grid-item post-2174 post type-post status-publish format-standard has-post-thumbnail hentry category-novosti-it\">\n\t\t\t<div class=\"elementor-post__card\">\n\t\t\t\t<a class=\"elementor-post__thumbnail__link\" href=\"https:\/\/californiasped.com\/it\/flotta-ecologica\/\" tabindex=\"-1\" ><div class=\"elementor-post__thumbnail\"><img decoding=\"async\" width=\"300\" height=\"225\" src=\"https:\/\/californiasped.com\/wp-content\/uploads\/2022\/12\/Eko-Vozila-California-300x225.jpg\" class=\"attachment-medium size-medium wp-image-1250\" alt=\"\" srcset=\"https:\/\/californiasped.com\/wp-content\/uploads\/2022\/12\/Eko-Vozila-California-300x225.jpg 300w, https:\/\/californiasped.com\/wp-content\/uploads\/2022\/12\/Eko-Vozila-California-1024x768.jpg 1024w, https:\/\/californiasped.com\/wp-content\/uploads\/2022\/12\/Eko-Vozila-California-768x576.jpg 768w, https:\/\/californiasped.com\/wp-content\/uploads\/2022\/12\/Eko-Vozila-California-1536x1152.jpg 1536w, https:\/\/californiasped.com\/wp-content\/uploads\/2022\/12\/Eko-Vozila-California.jpg 1600w\" sizes=\"(max-width: 300px) 100vw, 300px\" \/><\/div><\/a>\n\t\t\t\t<div class=\"elementor-post__text\">\n\t\t\t\t<h3 class=\"elementor-post__title\">\n\t\t\t<a href=\"https:\/\/californiasped.com\/it\/flotta-ecologica\/\" >\n\t\t\t\tFlotta ecologica\t\t\t<\/a>\n\t\t<\/h3>\n\t\t\t\t<div class=\"elementor-post__excerpt\">\n\t\t\t<p>Per contribuire alla salvaguardia dell&#8217;ambiente, California \u0160ped ha dato il suo contributo rinnovando il parco automezzi con veicoli con certificato ecologico, ovvero veicoli con un<\/p>\n\t\t<\/div>\n\t\t\n\t\t<a class=\"elementor-post__read-more\" href=\"https:\/\/californiasped.com\/it\/flotta-ecologica\/\" aria-label=\"Read more about Flotta ecologica\" tabindex=\"-1\" >\n\t\t\tLeggi di pi\u00f9 \u00bb\t\t<\/a>\n\n\t\t\t\t<\/div>\n\t\t\t\t<div class=\"elementor-post__meta-data\">\n\t\t\t\t\t<span class=\"elementor-post-date\">\n\t\t\tDicembre 9, 2022\t\t<\/span>\n\t\t\t\t<span class=\"elementor-post-avatar\">\n\t\t\tNessun commento\t\t<\/span>\n\t\t\t\t<\/div>\n\t\t\t\t\t<\/div>\n\t\t<\/article>\n\t\t\t\t<article class=\"elementor-post elementor-grid-item post-2177 post type-post status-publish format-standard has-post-thumbnail hentry category-novosti-it\">\n\t\t\t<div class=\"elementor-post__card\">\n\t\t\t\t<a class=\"elementor-post__thumbnail__link\" href=\"https:\/\/californiasped.com\/it\/implementazione-del-sistema-avanzato-di-trasporto-e-logistica-wms-per-una-maggiore-soddisfazione-dei-nostri-clienti\/\" tabindex=\"-1\" ><div class=\"elementor-post__thumbnail\"><img decoding=\"async\" width=\"300\" height=\"219\" src=\"https:\/\/californiasped.com\/wp-content\/uploads\/2022\/12\/California-Sped-WMS-300x219.jpg\" class=\"attachment-medium size-medium wp-image-1242\" alt=\"\" srcset=\"https:\/\/californiasped.com\/wp-content\/uploads\/2022\/12\/California-Sped-WMS-300x219.jpg 300w, https:\/\/californiasped.com\/wp-content\/uploads\/2022\/12\/California-Sped-WMS-1024x748.jpg 1024w, https:\/\/californiasped.com\/wp-content\/uploads\/2022\/12\/California-Sped-WMS-768x561.jpg 768w, https:\/\/californiasped.com\/wp-content\/uploads\/2022\/12\/California-Sped-WMS-1536x1121.jpg 1536w, https:\/\/californiasped.com\/wp-content\/uploads\/2022\/12\/California-Sped-WMS.jpg 1600w\" sizes=\"(max-width: 300px) 100vw, 300px\" \/><\/div><\/a>\n\t\t\t\t<div class=\"elementor-post__text\">\n\t\t\t\t<h3 class=\"elementor-post__title\">\n\t\t\t<a href=\"https:\/\/californiasped.com\/it\/implementazione-del-sistema-avanzato-di-trasporto-e-logistica-wms-per-una-maggiore-soddisfazione-dei-nostri-clienti\/\" >\n\t\t\t\tImplementazione del sistema avanzato di trasporto e logistica WMS per una maggiore soddisfazione dei nostri clienti\t\t\t<\/a>\n\t\t<\/h3>\n\t\t\t\t<div class=\"elementor-post__excerpt\">\n\t\t\t<p>Al fine di migliorare la qualit\u00e0 dei propri servizi nel campo della logistica e dei trasporti, California \u0160ped, in collaborazione con la societ\u00e0 Digital Solution,<\/p>\n\t\t<\/div>\n\t\t\n\t\t<a class=\"elementor-post__read-more\" href=\"https:\/\/californiasped.com\/it\/implementazione-del-sistema-avanzato-di-trasporto-e-logistica-wms-per-una-maggiore-soddisfazione-dei-nostri-clienti\/\" aria-label=\"Read more about Implementazione del sistema avanzato di trasporto e logistica WMS per una maggiore soddisfazione dei nostri clienti\" tabindex=\"-1\" >\n\t\t\tLeggi di pi\u00f9 \u00bb\t\t<\/a>\n\n\t\t\t\t<\/div>\n\t\t\t\t<div class=\"elementor-post__meta-data\">\n\t\t\t\t\t<span class=\"elementor-post-date\">\n\t\t\tDicembre 6, 2022\t\t<\/span>\n\t\t\t\t<span class=\"elementor-post-avatar\">\n\t\t\tNessun commento\t\t<\/span>\n\t\t\t\t<\/div>\n\t\t\t\t\t<\/div>\n\t\t<\/article>\n\t\t\t\t<\/div>\n\t\t\n\t\t\t\t\t\t<\/div>\n\t\t\t\t<\/div>\n\t\t\t\t\t<\/div>\n\t\t<\/div>\n\t\t\t\t\t<\/div>\n\t\t<\/section>\n\t\t\t\t<section class=\"elementor-section elementor-top-section elementor-element elementor-element-8f02d26 elementor-section-boxed elementor-section-height-default elementor-section-height-default\" data-id=\"8f02d26\" data-element_type=\"section\" data-e-type=\"section\">\n\t\t\t\t\t\t<div class=\"elementor-container elementor-column-gap-default\">\n\t\t\t\t\t<div class=\"elementor-column elementor-col-33 elementor-top-column elementor-element elementor-element-f9ed822\" data-id=\"f9ed822\" data-element_type=\"column\" data-e-type=\"column\">\n\t\t\t<div class=\"elementor-widget-wrap elementor-element-populated\">\n\t\t\t\t\t\t<div class=\"elementor-element elementor-element-e9706b3 elementor-widget elementor-widget-image\" data-id=\"e9706b3\" data-element_type=\"widget\" data-e-type=\"widget\" data-widget_type=\"image.default\">\n\t\t\t\t<div class=\"elementor-widget-container\">\n\t\t\t\t\t\t\t\t\t\t\t\t\t\t\t<img loading=\"lazy\" decoding=\"async\" width=\"300\" height=\"86\" src=\"https:\/\/californiasped.com\/wp-content\/uploads\/2022\/12\/cropped-site-logo-300x86.png\" class=\"attachment-medium size-medium wp-image-1659\" alt=\"\" srcset=\"https:\/\/californiasped.com\/wp-content\/uploads\/2022\/12\/cropped-site-logo-300x86.png 300w, https:\/\/californiasped.com\/wp-content\/uploads\/2022\/12\/cropped-site-logo-768x219.png 768w, https:\/\/californiasped.com\/wp-content\/uploads\/2022\/12\/cropped-site-logo.png 935w\" sizes=\"(max-width: 300px) 100vw, 300px\" \/>\t\t\t\t\t\t\t\t\t\t\t\t\t\t\t<\/div>\n\t\t\t\t<\/div>\n\t\t\t\t<div class=\"elementor-element elementor-element-1439f80 elementor-widget-divider--view-line elementor-widget elementor-widget-divider\" data-id=\"1439f80\" data-element_type=\"widget\" data-e-type=\"widget\" data-settings=\"{&quot;_animation&quot;:&quot;none&quot;}\" data-widget_type=\"divider.default\">\n\t\t\t\t<div class=\"elementor-widget-container\">\n\t\t\t\t\t\t\t<div class=\"elementor-divider\">\n\t\t\t<span class=\"elementor-divider-separator\">\n\t\t\t\t\t\t<\/span>\n\t\t<\/div>\n\t\t\t\t\t\t<\/div>\n\t\t\t\t<\/div>\n\t\t\t\t<div class=\"elementor-element elementor-element-ec472e2 elementor-widget elementor-widget-text-editor\" data-id=\"ec472e2\" data-element_type=\"widget\" data-e-type=\"widget\" data-widget_type=\"text-editor.default\">\n\t\t\t\t<div class=\"elementor-widget-container\">\n\t\t\t\t\t\t\t\t\t<p class=\"lead margin-clear\"><strong>Indirizzo:<\/strong><\/p><p class=\"lead margin-clear\"><b><\/b>Prvomajska 37, 11272 Beograd, Dobanovci, Srbija<\/p><p class=\"lead margin-clear\"><strong>Siamo aperti:<\/strong><br \/>Orario &#8211; luned\u00ec -venerd\u00ec: 8:00 &#8211; 16:00<br \/>Orario \u2013 il sabato: 9:00- 15:00<\/p><p class=\"lead margin-clear\"><strong>Telefono:<\/strong><\/p><p class=\"lead margin-clear\">011\/4283-101<br \/>011\/4283-102<br \/>011\/4283-103<br \/>011\/4283-104<br \/>011\/4283-105<br \/>011\/4283-106<br \/>011\/4283-107<\/p><p class=\"lead margin-clear\"><br \/><strong>E-mail:<\/strong><br \/><a style=\"color: black;\" href=\"mailto:office@californiasped.com\">office@californiasped.com<\/a><\/p>\t\t\t\t\t\t\t\t<\/div>\n\t\t\t\t<\/div>\n\t\t\t\t\t<\/div>\n\t\t<\/div>\n\t\t\t\t<div class=\"elementor-column elementor-col-66 elementor-top-column elementor-element elementor-element-85b6def\" data-id=\"85b6def\" data-element_type=\"column\" data-e-type=\"column\">\n\t\t\t<div class=\"elementor-widget-wrap elementor-element-populated\">\n\t\t\t\t\t\t<div class=\"elementor-element elementor-element-369be8b elementor-widget__width-inherit elementor-widget elementor-widget-google_maps\" data-id=\"369be8b\" data-element_type=\"widget\" data-e-type=\"widget\" data-widget_type=\"google_maps.default\">\n\t\t\t\t<div class=\"elementor-widget-container\">\n\t\t\t\t\t\t\t<div class=\"elementor-custom-embed\">\n\t\t\t<iframe loading=\"lazy\"\n\t\t\t\t\tsrc=\"https:\/\/maps.google.com\/maps?q=Prvomajska%2037%2C%2011272%20Dobanovci&#038;t=m&#038;z=12&#038;output=embed&#038;iwloc=near\"\n\t\t\t\t\ttitle=\"Prvomajska 37, 11272 Dobanovci\"\n\t\t\t\t\taria-label=\"Prvomajska 37, 11272 Dobanovci\"\n\t\t\t><\/iframe>\n\t\t<\/div>\n\t\t\t\t\t\t<\/div>\n\t\t\t\t<\/div>\n\t\t\t\t\t<\/div>\n\t\t<\/div>\n\t\t\t\t\t<\/div>\n\t\t<\/section>\n\t\t\t\t<\/div>\n\t\t","protected":false},"excerpt":{"rendered":"<p>NOTIZIA Indirizzo: Prvomajska 37, 11272 Beograd, Dobanovci, Srbija Siamo aperti:Orario &#8211; luned\u00ec -venerd\u00ec: 8:00 &#8211; 16:00Orario \u2013 il sabato: 9:00- 15:00 Telefono: 011\/4283-101011\/4283-102011\/4283-103011\/4283-104011\/4283-105011\/4283-106011\/4283-107 E-mail:office@californiasped.com<\/p>\n","protected":false},"author":1,"featured_media":0,"parent":0,"menu_order":0,"comment_status":"closed","ping_status":"closed","template":"","meta":{"footnotes":""},"class_list":["post-2162","page","type-page","status-publish","hentry"],"yoast_head":"<!-- This site is optimized with the Yoast SEO plugin v27.4 - https:\/\/yoast.com\/product\/yoast-seo-wordpress\/ -->\n<title>NOTIZIA - California Speed<\/title>\n<meta name=\"robots\" content=\"noindex, follow, max-snippet:-1, max-image-preview:large, max-video-preview:-1\" \/>\n<meta property=\"og:locale\" content=\"it_IT\" \/>\n<meta property=\"og:type\" content=\"article\" \/>\n<meta property=\"og:title\" content=\"NOTIZIA - California Speed\" \/>\n<meta property=\"og:description\" content=\"NOTIZIA Indirizzo: Prvomajska 37, 11272 Beograd, Dobanovci, Srbija Siamo aperti:Orario &#8211; luned\u00ec -venerd\u00ec: 8:00 &#8211; 16:00Orario \u2013 il sabato: 9:00- 15:00 Telefono: 011\/4283-101011\/4283-102011\/4283-103011\/4283-104011\/4283-105011\/4283-106011\/4283-107 E-mail:office@californiasped.com\" \/>\n<meta property=\"og:url\" content=\"https:\/\/californiasped.com\/vesti\/\" \/>\n<meta property=\"og:site_name\" content=\"California Speed\" \/>\n<meta property=\"article:modified_time\" content=\"2023-01-15T21:48:00+00:00\" \/>\n<meta property=\"og:image\" content=\"https:\/\/californiasped.com\/wp-content\/uploads\/2022\/12\/cropped-site-logo-300x86.png\" \/>\n<meta name=\"twitter:card\" content=\"summary_large_image\" \/>\n<meta name=\"twitter:label1\" content=\"Tempo di lettura stimato\" \/>\n\t<meta name=\"twitter:data1\" content=\"2 minuti\" \/>\n<script type=\"application\/ld+json\" class=\"yoast-schema-graph\">{\"@context\":\"https:\\\/\\\/schema.org\",\"@graph\":[{\"@type\":\"WebPage\",\"@id\":\"https:\\\/\\\/californiasped.com\\\/vesti\\\/\",\"url\":\"https:\\\/\\\/californiasped.com\\\/vesti\\\/\",\"name\":\"NOTIZIA - California Speed\",\"isPartOf\":{\"@id\":\"https:\\\/\\\/californiasped.com\\\/#website\"},\"primaryImageOfPage\":{\"@id\":\"https:\\\/\\\/californiasped.com\\\/vesti\\\/#primaryimage\"},\"image\":{\"@id\":\"https:\\\/\\\/californiasped.com\\\/vesti\\\/#primaryimage\"},\"thumbnailUrl\":\"https:\\\/\\\/californiasped.com\\\/wp-content\\\/uploads\\\/2022\\\/12\\\/cropped-site-logo-300x86.png\",\"datePublished\":\"2022-12-06T15:32:10+00:00\",\"dateModified\":\"2023-01-15T21:48:00+00:00\",\"breadcrumb\":{\"@id\":\"https:\\\/\\\/californiasped.com\\\/vesti\\\/#breadcrumb\"},\"inLanguage\":\"it-IT\",\"potentialAction\":[{\"@type\":\"ReadAction\",\"target\":[\"https:\\\/\\\/californiasped.com\\\/vesti\\\/\"]}]},{\"@type\":\"ImageObject\",\"inLanguage\":\"it-IT\",\"@id\":\"https:\\\/\\\/californiasped.com\\\/vesti\\\/#primaryimage\",\"url\":\"https:\\\/\\\/californiasped.com\\\/wp-content\\\/uploads\\\/2022\\\/12\\\/cropped-site-logo-300x86.png\",\"contentUrl\":\"https:\\\/\\\/californiasped.com\\\/wp-content\\\/uploads\\\/2022\\\/12\\\/cropped-site-logo-300x86.png\"},{\"@type\":\"BreadcrumbList\",\"@id\":\"https:\\\/\\\/californiasped.com\\\/vesti\\\/#breadcrumb\",\"itemListElement\":[{\"@type\":\"ListItem\",\"position\":1,\"name\":\"Po\u010detna\",\"item\":\"https:\\\/\\\/californiasped.com\\\/\"},{\"@type\":\"ListItem\",\"position\":2,\"name\":\"NOTIZIA\"}]},{\"@type\":\"WebSite\",\"@id\":\"https:\\\/\\\/californiasped.com\\\/#website\",\"url\":\"https:\\\/\\\/californiasped.com\\\/\",\"name\":\"California Speed\",\"description\":\"\",\"publisher\":{\"@id\":\"https:\\\/\\\/californiasped.com\\\/#organization\"},\"potentialAction\":[{\"@type\":\"SearchAction\",\"target\":{\"@type\":\"EntryPoint\",\"urlTemplate\":\"https:\\\/\\\/californiasped.com\\\/?s={search_term_string}\"},\"query-input\":{\"@type\":\"PropertyValueSpecification\",\"valueRequired\":true,\"valueName\":\"search_term_string\"}}],\"inLanguage\":\"it-IT\"},{\"@type\":\"Organization\",\"@id\":\"https:\\\/\\\/californiasped.com\\\/#organization\",\"name\":\"California Speed\",\"url\":\"https:\\\/\\\/californiasped.com\\\/\",\"logo\":{\"@type\":\"ImageObject\",\"inLanguage\":\"it-IT\",\"@id\":\"https:\\\/\\\/californiasped.com\\\/#\\\/schema\\\/logo\\\/image\\\/\",\"url\":\"https:\\\/\\\/californiasped.com\\\/wp-content\\\/uploads\\\/2022\\\/12\\\/cropped-site-logo.png\",\"contentUrl\":\"https:\\\/\\\/californiasped.com\\\/wp-content\\\/uploads\\\/2022\\\/12\\\/cropped-site-logo.png\",\"width\":935,\"height\":267,\"caption\":\"California Speed\"},\"image\":{\"@id\":\"https:\\\/\\\/californiasped.com\\\/#\\\/schema\\\/logo\\\/image\\\/\"}}]}<\/script>\n<!-- \/ Yoast SEO plugin. -->","yoast_head_json":{"title":"NOTIZIA - California Speed","robots":{"index":"noindex","follow":"follow","max-snippet":"max-snippet:-1","max-image-preview":"max-image-preview:large","max-video-preview":"max-video-preview:-1"},"og_locale":"it_IT","og_type":"article","og_title":"NOTIZIA - California Speed","og_description":"NOTIZIA Indirizzo: Prvomajska 37, 11272 Beograd, Dobanovci, Srbija Siamo aperti:Orario &#8211; luned\u00ec -venerd\u00ec: 8:00 &#8211; 16:00Orario \u2013 il sabato: 9:00- 15:00 Telefono: 011\/4283-101011\/4283-102011\/4283-103011\/4283-104011\/4283-105011\/4283-106011\/4283-107 E-mail:office@californiasped.com","og_url":"https:\/\/californiasped.com\/vesti\/","og_site_name":"California Speed","article_modified_time":"2023-01-15T21:48:00+00:00","og_image":[{"url":"https:\/\/californiasped.com\/wp-content\/uploads\/2022\/12\/cropped-site-logo-300x86.png","type":"","width":"","height":""}],"twitter_card":"summary_large_image","twitter_misc":{"Tempo di lettura stimato":"2 minuti"},"schema":{"@context":"https:\/\/schema.org","@graph":[{"@type":"WebPage","@id":"https:\/\/californiasped.com\/vesti\/","url":"https:\/\/californiasped.com\/vesti\/","name":"NOTIZIA - California Speed","isPartOf":{"@id":"https:\/\/californiasped.com\/#website"},"primaryImageOfPage":{"@id":"https:\/\/californiasped.com\/vesti\/#primaryimage"},"image":{"@id":"https:\/\/californiasped.com\/vesti\/#primaryimage"},"thumbnailUrl":"https:\/\/californiasped.com\/wp-content\/uploads\/2022\/12\/cropped-site-logo-300x86.png","datePublished":"2022-12-06T15:32:10+00:00","dateModified":"2023-01-15T21:48:00+00:00","breadcrumb":{"@id":"https:\/\/californiasped.com\/vesti\/#breadcrumb"},"inLanguage":"it-IT","potentialAction":[{"@type":"ReadAction","target":["https:\/\/californiasped.com\/vesti\/"]}]},{"@type":"ImageObject","inLanguage":"it-IT","@id":"https:\/\/californiasped.com\/vesti\/#primaryimage","url":"https:\/\/californiasped.com\/wp-content\/uploads\/2022\/12\/cropped-site-logo-300x86.png","contentUrl":"https:\/\/californiasped.com\/wp-content\/uploads\/2022\/12\/cropped-site-logo-300x86.png"},{"@type":"BreadcrumbList","@id":"https:\/\/californiasped.com\/vesti\/#breadcrumb","itemListElement":[{"@type":"ListItem","position":1,"name":"Po\u010detna","item":"https:\/\/californiasped.com\/"},{"@type":"ListItem","position":2,"name":"NOTIZIA"}]},{"@type":"WebSite","@id":"https:\/\/californiasped.com\/#website","url":"https:\/\/californiasped.com\/","name":"California Speed","description":"","publisher":{"@id":"https:\/\/californiasped.com\/#organization"},"potentialAction":[{"@type":"SearchAction","target":{"@type":"EntryPoint","urlTemplate":"https:\/\/californiasped.com\/?s={search_term_string}"},"query-input":{"@type":"PropertyValueSpecification","valueRequired":true,"valueName":"search_term_string"}}],"inLanguage":"it-IT"},{"@type":"Organization","@id":"https:\/\/californiasped.com\/#organization","name":"California Speed","url":"https:\/\/californiasped.com\/","logo":{"@type":"ImageObject","inLanguage":"it-IT","@id":"https:\/\/californiasped.com\/#\/schema\/logo\/image\/","url":"https:\/\/californiasped.com\/wp-content\/uploads\/2022\/12\/cropped-site-logo.png","contentUrl":"https:\/\/californiasped.com\/wp-content\/uploads\/2022\/12\/cropped-site-logo.png","width":935,"height":267,"caption":"California Speed"},"image":{"@id":"https:\/\/californiasped.com\/#\/schema\/logo\/image\/"}}]}},"_links":{"self":[{"href":"https:\/\/californiasped.com\/it\/wp-json\/wp\/v2\/pages\/2162","targetHints":{"allow":["GET"]}}],"collection":[{"href":"https:\/\/californiasped.com\/it\/wp-json\/wp\/v2\/pages"}],"about":[{"href":"https:\/\/californiasped.com\/it\/wp-json\/wp\/v2\/types\/page"}],"author":[{"embeddable":true,"href":"https:\/\/californiasped.com\/it\/wp-json\/wp\/v2\/users\/1"}],"replies":[{"embeddable":true,"href":"https:\/\/californiasped.com\/it\/wp-json\/wp\/v2\/comments?post=2162"}],"version-history":[{"count":10,"href":"https:\/\/californiasped.com\/it\/wp-json\/wp\/v2\/pages\/2162\/revisions"}],"predecessor-version":[{"id":2279,"href":"https:\/\/californiasped.com\/it\/wp-json\/wp\/v2\/pages\/2162\/revisions\/2279"}],"wp:attachment":[{"href":"https:\/\/californiasped.com\/it\/wp-json\/wp\/v2\/media?parent=2162"}],"curies":[{"name":"wp","href":"https:\/\/api.w.org\/{rel}","templated":true}]}}